{"id":598,"date":"2025-10-23T18:51:16","date_gmt":"2025-10-23T16:51:16","guid":{"rendered":"https:\/\/riadabadi.com\/?page_id=598"},"modified":"2025-10-23T19:25:28","modified_gmt":"2025-10-23T17:25:28","slug":"activites-manuelles","status":"publish","type":"page","link":"https:\/\/riadabadi.com\/index.php\/activites-manuelles\/","title":{"rendered":"Ateliers artisanaux"},"content":{"rendered":"<p>La m\u00e9dina regorge d&#8217;artisans aux doigts de f\u00e9e. Ils repr\u00e9sentent le tr\u00e9sor ancestral de F\u00e8s. Ils partagent leurs secrets avec vous lors d&#8217;ateliers priv\u00e9s.<\/p>\n<style type=\"text\/css\">\n#foogallery-gallery-605.fg-simple_portfolio { justify-content: center; --fg-gutter: 5px; }\n#foogallery-gallery-605.fg-simple_portfolio .fg-item { flex-basis: 250px; }<\/style>\n\t\t\t<div class=\"foogallery foogallery-container foogallery-simple_portfolio foogallery-lightbox-none fg-simple_portfolio fg-ready fg-light fg-border-thin fg-shadow-outline fg-loading-default fg-loaded-fade-in fg-caption-always fg-hover-fade fg-c-j fg-caption-always\" id=\"foogallery-gallery-605\" data-foogallery=\"{&quot;item&quot;:{&quot;showCaptionTitle&quot;:true,&quot;showCaptionDescription&quot;:true},&quot;lazy&quot;:true,&quot;paging&quot;:{&quot;type&quot;:&quot;dots&quot;,&quot;size&quot;:20,&quot;position&quot;:&quot;bottom&quot;,&quot;scrollToTop&quot;:false,&quot;output&quot;:&quot;&quot;,&quot;theme&quot;:&quot;fg-light&quot;}}\" style=\"--fg-title-line-clamp: 0; --fg-description-line-clamp: 0;\" >\n\t<div class=\"fg-item fg-type-image fg-idle\"><figure class=\"fg-item-inner\"><a href=\"https:\/\/riadabadi.com\/wp-content\/uploads\/2025\/10\/couscous-2.jpg\" data-caption-title=\"Atelier cuisine\" data-caption-desc=\"Accompagnez notre cuisini\u00e8re au souk, n\u00e9gociez les ingr\u00e9dients de votre repas et apprenez \u00e0 cuisiner les plats marocains embl\u00e9matiques directement au Riad : salade marocaine, Tagine ou couscous le vendredi, dessert marocain. Il ne reste plus qu&#039;\u00e0 d\u00e9guster ! Tarif : 300 Dhs \/ personne\" data-attachment-id=\"615\" class=\"foogallery-thumb fg-thumb\" data-type=\"image\"><span class=\"fg-image-wrap\"><img fetchpriority=\"high\" decoding=\"async\" title=\"Atelier cuisine\" class=\"bf-img skip-lazy fg-image\" height=\"200\" width=\"250\" data-src-fg=\"https:\/\/riadabadi.com\/wp-content\/uploads\/cache\/2025\/10\/couscous-2\/3880660910.jpg\" src=\"data:image\/svg+xml,%3Csvg%20xmlns%3D%22http%3A%2F%2Fwww.w3.org%2F2000%2Fsvg%22%20width%3D%22250%22%20height%3D%22200%22%20viewBox%3D%220%200%20250%20200%22%3E%3C%2Fsvg%3E\" loading=\"eager\"><\/span><span class=\"fg-image-overlay\"><\/span><\/a><figcaption class=\"fg-caption\"><div class=\"fg-caption-inner\"><div class=\"fg-caption-title\">Atelier cuisine<\/div><div class=\"fg-caption-desc\">Accompagnez notre cuisini\u00e8re au souk, n\u00e9gociez les ingr\u00e9dients de votre repas et apprenez \u00e0 cuisiner les plats marocains embl\u00e9matiques directement au Riad : salade marocaine, Tagine ou couscous le vendredi, dessert marocain. Il ne reste plus qu'\u00e0 d\u00e9guster ! Tarif : 300 Dhs \/ personne<\/div><\/div><\/figcaption><\/figure><div class=\"fg-loader\"><\/div><\/div><div class=\"fg-item fg-type-image fg-idle\"><figure class=\"fg-item-inner\"><a href=\"https:\/\/riadabadi.com\/wp-content\/uploads\/2025\/10\/tam-tam.jpg\" data-caption-title=\"Atelier fabrication de Tam-tam traditionnel\" data-caption-desc=\"Tannez vous-m\u00eames une peau, mettez-la en place sur une poterie qui constituera la base du tam-tam et d\u00e9corez-le \u00e0 la main. Il faudra attendre le lendemain pour pouvoir r\u00e9cup\u00e9rer votre fabrication. Tarif : 200 Dhs \/ personne - 2 personnes minimum par atelier\" data-attachment-id=\"610\" class=\"foogallery-thumb fg-thumb\" data-type=\"image\"><span class=\"fg-image-wrap\"><img decoding=\"async\" title=\"Atelier fabrication de Tam-tam traditionnel\" class=\"bf-img skip-lazy fg-image\" height=\"200\" width=\"250\" data-src-fg=\"https:\/\/riadabadi.com\/wp-content\/uploads\/cache\/2025\/10\/tam-tam\/64112973.jpg\" src=\"data:image\/svg+xml,%3Csvg%20xmlns%3D%22http%3A%2F%2Fwww.w3.org%2F2000%2Fsvg%22%20width%3D%22250%22%20height%3D%22200%22%20viewBox%3D%220%200%20250%20200%22%3E%3C%2Fsvg%3E\" loading=\"eager\"><\/span><span class=\"fg-image-overlay\"><\/span><\/a><figcaption class=\"fg-caption\"><div class=\"fg-caption-inner\"><div class=\"fg-caption-title\">Atelier fabrication de Tam-tam traditionnel<\/div><div class=\"fg-caption-desc\">Tannez vous-m\u00eames une peau, mettez-la en place sur une poterie qui constituera la base du tam-tam et d\u00e9corez-le \u00e0 la main. Il faudra attendre le lendemain pour pouvoir r\u00e9cup\u00e9rer votre fabrication. Tarif : 200 Dhs \/ personne - 2 personnes minimum par atelier<\/div><\/div><\/figcaption><\/figure><div class=\"fg-loader\"><\/div><\/div><div class=\"fg-item fg-type-image fg-idle\"><figure class=\"fg-item-inner\"><a href=\"https:\/\/riadabadi.com\/wp-content\/uploads\/2025\/10\/sac-cuir.jpg\" data-caption-title=\"Atelier fabrication de produits en cuir\" data-caption-desc=\"Dans un minuscule magasin, Aziz re\u00e7oit 1 \u00e0 2 personnes pour les encadrer dans la fabrication de sac ou porte-monnaie en cuir. Son instagram : Shanta.fes . Tarif : 150 Dhs \/ personne + produit fabriqu\u00e9 \u00e0 r\u00e9gler\" data-attachment-id=\"608\" class=\"foogallery-thumb fg-thumb\" data-type=\"image\"><span class=\"fg-image-wrap\"><img decoding=\"async\" title=\"Atelier fabrication de produits en cuir\" class=\"bf-img skip-lazy fg-image\" height=\"200\" width=\"250\" data-src-fg=\"https:\/\/riadabadi.com\/wp-content\/uploads\/cache\/2025\/10\/sac-cuir\/4057377474.jpg\" src=\"data:image\/svg+xml,%3Csvg%20xmlns%3D%22http%3A%2F%2Fwww.w3.org%2F2000%2Fsvg%22%20width%3D%22250%22%20height%3D%22200%22%20viewBox%3D%220%200%20250%20200%22%3E%3C%2Fsvg%3E\" loading=\"eager\"><\/span><span class=\"fg-image-overlay\"><\/span><\/a><figcaption class=\"fg-caption\"><div class=\"fg-caption-inner\"><div class=\"fg-caption-title\">Atelier fabrication de produits en cuir<\/div><div class=\"fg-caption-desc\">Dans un minuscule magasin, Aziz re\u00e7oit 1 \u00e0 2 personnes pour les encadrer dans la fabrication de sac ou porte-monnaie en cuir. Son instagram : Shanta.fes . Tarif : 150 Dhs \/ personne + produit fabriqu\u00e9 \u00e0 r\u00e9gler<\/div><\/div><\/figcaption><\/figure><div class=\"fg-loader\"><\/div><\/div><div class=\"fg-item fg-type-image fg-idle\"><figure class=\"fg-item-inner\"><a href=\"https:\/\/riadabadi.com\/wp-content\/uploads\/2025\/10\/IMG_20251019_140913.jpg\" data-caption-title=\"Atelier moza\u00efque, poterie et peinture bleu de F\u00e8s\" data-caption-desc=\"Un transport vient vous r\u00e9cup\u00e9rer \u00e0 proximit\u00e9 du Riad et vous am\u00e8ne dans le quartier des potiers. Apr\u00e8s une visite explicative de cet artisanat, vous pratiquerez la moza\u00efque et la poterie. Vous peindrez ensuite votre oeuvre avec notamment une peinture violette qui se transformera \u00e0 la cuisson en un bleu profond, caract\u00e9ristique de F\u00e8s. Le transport vous ram\u00e8ne \u00e0 proximit\u00e9 du Riad \u00e0 la fin de cet atelier. \u00c0 ne pas faire en fin de s\u00e9jour, pour avoir le temps de r\u00e9cup\u00e9rer les \u0153uvres apr\u00e8s cuisson + s\u00e9chage (1 journ\u00e9e). Tarif : 450 Dhs \/ personne - compter une demi-journ\u00e9e\" data-attachment-id=\"618\" class=\"foogallery-thumb fg-thumb\" data-type=\"image\"><span class=\"fg-image-wrap\"><img decoding=\"async\" title=\"Atelier moza\u00efque, poterie et peinture bleu de F\u00e8s\" class=\"bf-img skip-lazy fg-image\" height=\"200\" width=\"250\" data-src-fg=\"https:\/\/riadabadi.com\/wp-content\/uploads\/cache\/2025\/10\/IMG_20251019_140913\/2122063482.jpg\" src=\"data:image\/svg+xml,%3Csvg%20xmlns%3D%22http%3A%2F%2Fwww.w3.org%2F2000%2Fsvg%22%20width%3D%22250%22%20height%3D%22200%22%20viewBox%3D%220%200%20250%20200%22%3E%3C%2Fsvg%3E\" loading=\"eager\"><\/span><span class=\"fg-image-overlay\"><\/span><\/a><figcaption class=\"fg-caption\"><div class=\"fg-caption-inner\"><div class=\"fg-caption-title\">Atelier moza\u00efque, poterie et peinture bleu de F\u00e8s<\/div><div class=\"fg-caption-desc\">Un transport vient vous r\u00e9cup\u00e9rer \u00e0 proximit\u00e9 du Riad et vous am\u00e8ne dans le quartier des potiers. Apr\u00e8s une visite explicative de cet artisanat, vous pratiquerez la moza\u00efque et la poterie. Vous peindrez ensuite votre oeuvre avec notamment une peinture violette qui se transformera \u00e0 la cuisson en un bleu profond, caract\u00e9ristique de F\u00e8s. Le transport vous ram\u00e8ne \u00e0 proximit\u00e9 du Riad \u00e0 la fin de cet atelier. \u00c0 ne pas faire en fin de s\u00e9jour, pour avoir le temps de r\u00e9cup\u00e9rer les \u0153uvres apr\u00e8s cuisson + s\u00e9chage (1 journ\u00e9e). Tarif : 450 Dhs \/ personne - compter une demi-journ\u00e9e<\/div><\/div><\/figcaption><\/figure><div class=\"fg-loader\"><\/div><\/div><div class=\"fg-item fg-type-image fg-idle\"><figure class=\"fg-item-inner\"><a href=\"https:\/\/riadabadi.com\/wp-content\/uploads\/2025\/10\/cuir.jpg\" data-caption-title=\"Atelier fabrication en cuir\" data-caption-desc=\"Dans un atelier ancestral, Miriam perpetue la tradition familiale en travaillant le cuir avec passion. Elle vous encadre dans un atelier sur-mesure. Tarif : \u00e0 d\u00e9finir directement avec elle en fonction de vos envies. \r\nA noter : Le pouf g\u00e9ant qui tr\u00f4ne dans notre salon de t\u00e9l\u00e9vision a \u00e9t\u00e9 cr\u00e9\u00e9 dans son atelier !\" data-attachment-id=\"616\" class=\"foogallery-thumb fg-thumb\" data-type=\"image\"><span class=\"fg-image-wrap\"><img decoding=\"async\" title=\"Atelier fabrication en cuir\" class=\"bf-img skip-lazy fg-image\" height=\"200\" width=\"250\" data-src-fg=\"https:\/\/riadabadi.com\/wp-content\/uploads\/cache\/2025\/10\/cuir\/2240290418.jpg\" src=\"data:image\/svg+xml,%3Csvg%20xmlns%3D%22http%3A%2F%2Fwww.w3.org%2F2000%2Fsvg%22%20width%3D%22250%22%20height%3D%22200%22%20viewBox%3D%220%200%20250%20200%22%3E%3C%2Fsvg%3E\" loading=\"eager\"><\/span><span class=\"fg-image-overlay\"><\/span><\/a><figcaption class=\"fg-caption\"><div class=\"fg-caption-inner\"><div class=\"fg-caption-title\">Atelier fabrication en cuir<\/div><div class=\"fg-caption-desc\">Dans un atelier ancestral, Miriam perpetue la tradition familiale en travaillant le cuir avec passion. Elle vous encadre dans un atelier sur-mesure. Tarif : \u00e0 d\u00e9finir directement avec elle en fonction de vos envies. \r\nA noter : Le pouf g\u00e9ant qui tr\u00f4ne dans notre salon de t\u00e9l\u00e9vision a \u00e9t\u00e9 cr\u00e9\u00e9 dans son atelier !<\/div><\/div><\/figcaption><\/figure><div class=\"fg-loader\"><\/div><\/div><div class=\"fg-item fg-type-image fg-idle\"><figure class=\"fg-item-inner\"><a href=\"https:\/\/riadabadi.com\/wp-content\/uploads\/2025\/10\/henne.jpg\" data-caption-title=\"Atelier Henn\u00e9\" data-caption-desc=\"Ghizlane est une professionnelle du Henn\u00e9. Elle n&#039;utilise pas de produits chimiques et manie cet art symbolique avec gr\u00e2ce. Elle partagera avec vous son savoir dans un atelier au Riad. Tarif : \u00e0 d\u00e9finir directement avec elle, selon vos envies\" data-attachment-id=\"617\" class=\"foogallery-thumb fg-thumb\" data-type=\"image\"><span class=\"fg-image-wrap\"><img decoding=\"async\" title=\"Atelier Henn\u00e9\" class=\"bf-img skip-lazy fg-image\" height=\"200\" width=\"250\" data-src-fg=\"https:\/\/riadabadi.com\/wp-content\/uploads\/cache\/2025\/10\/henne\/3554695554.jpg\" src=\"data:image\/svg+xml,%3Csvg%20xmlns%3D%22http%3A%2F%2Fwww.w3.org%2F2000%2Fsvg%22%20width%3D%22250%22%20height%3D%22200%22%20viewBox%3D%220%200%20250%20200%22%3E%3C%2Fsvg%3E\" loading=\"eager\"><\/span><span class=\"fg-image-overlay\"><\/span><\/a><figcaption class=\"fg-caption\"><div class=\"fg-caption-inner\"><div class=\"fg-caption-title\">Atelier Henn\u00e9<\/div><div class=\"fg-caption-desc\">Ghizlane est une professionnelle du Henn\u00e9. Elle n'utilise pas de produits chimiques et manie cet art symbolique avec gr\u00e2ce. Elle partagera avec vous son savoir dans un atelier au Riad. Tarif : \u00e0 d\u00e9finir directement avec elle, selon vos envies<\/div><\/div><\/figcaption><\/figure><div class=\"fg-loader\"><\/div><\/div><\/div>\n","protected":false},"excerpt":{"rendered":"<p>La m\u00e9dina regorge d&#8217;artisans aux doigts de f\u00e9e. Ils repr\u00e9sentent le tr\u00e9sor ancestral de F\u00e8s. Ils partagent leurs secrets avec &hellip;<\/p>\n","protected":false},"author":1,"featured_media":0,"parent":0,"menu_order":0,"comment_status":"closed","ping_status":"closed","template":"","meta":{"_crdt_document":"","_themeisle_gutenberg_block_has_review":false,"footnotes":""},"class_list":["post-598","page","type-page","status-publish","hentry"],"_links":{"self":[{"href":"https:\/\/riadabadi.com\/index.php\/wp-json\/wp\/v2\/pages\/598","targetHints":{"allow":["GET"]}}],"collection":[{"href":"https:\/\/riadabadi.com\/index.php\/wp-json\/wp\/v2\/pages"}],"about":[{"href":"https:\/\/riadabadi.com\/index.php\/wp-json\/wp\/v2\/types\/page"}],"author":[{"embeddable":true,"href":"https:\/\/riadabadi.com\/index.php\/wp-json\/wp\/v2\/users\/1"}],"replies":[{"embeddable":true,"href":"https:\/\/riadabadi.com\/index.php\/wp-json\/wp\/v2\/comments?post=598"}],"version-history":[{"count":5,"href":"https:\/\/riadabadi.com\/index.php\/wp-json\/wp\/v2\/pages\/598\/revisions"}],"predecessor-version":[{"id":613,"href":"https:\/\/riadabadi.com\/index.php\/wp-json\/wp\/v2\/pages\/598\/revisions\/613"}],"wp:attachment":[{"href":"https:\/\/riadabadi.com\/index.php\/wp-json\/wp\/v2\/media?parent=598"}],"curies":[{"name":"wp","href":"https:\/\/api.w.org\/{rel}","templated":true}]}}